{"id":18467,"date":"2021-11-15T08:16:28","date_gmt":"2021-11-15T08:16:28","guid":{"rendered":"http:\/\/muzeo.home.pl\/autoinstalator\/wordpress6\/?page_id=18467"},"modified":"2026-02-18T17:59:35","modified_gmt":"2026-02-18T16:59:35","slug":"chartering","status":"publish","type":"page","link":"http:\/\/transbaltic.pl\/en\/chartering\/","title":{"rendered":"Chartering"},"content":{"rendered":"<div data-elementor-type=\"wp-page\" data-elementor-id=\"18467\" class=\"elementor elementor-18467\">\n\t\t\t\t\t\t<div class=\"elementor-inner\">\n\t\t\t\t<div class=\"elementor-section-wrap\">\n\t\t\t\t\t\t\t\t\t<section class=\"elementor-section elementor-top-section elementor-element elementor-element-36eeb657 elementor-section-boxed elementor-section-height-default elementor-section-height-default sc_fly_static\" data-id=\"36eeb657\" data-element_type=\"section\">\n\t\t\t\t\t\t<div class=\"elementor-container elementor-column-gap-extended\">\n\t\t\t\t\t\t\t<div class=\"elementor-row\">\n\t\t\t\t\t<div class=\"elementor-column elementor-col-100 elementor-top-column elementor-element elementor-element-5a717b62 sc_inner_width_none sc_content_align_inherit sc_layouts_column_icons_position_left sc_fly_static\" data-id=\"5a717b62\" data-element_type=\"column\">\n\t\t\t<div class=\"elementor-column-wrap elementor-element-populated\">\n\t\t\t\t\t\t\t<div class=\"elementor-widget-wrap\">\n\t\t\t\t\t\t<div class=\"elementor-element elementor-element-27851986 sc_height_tiny sc_fly_static elementor-widget elementor-widget-spacer\" data-id=\"27851986\" data-element_type=\"widget\" data-widget_type=\"spacer.default\">\n\t\t\t\t<div class=\"elementor-widget-container\">\n\t\t\t\t\t<div class=\"elementor-spacer\">\n\t\t\t<div class=\"elementor-spacer-inner\"><\/div>\n\t\t<\/div>\n\t\t\t\t<\/div>\n\t\t\t\t<\/div>\n\t\t\t\t<div class=\"elementor-element elementor-element-68a7416b sc_fly_static elementor-widget elementor-widget-text-editor\" data-id=\"68a7416b\" data-element_type=\"widget\" data-widget_type=\"text-editor.default\">\n\t\t\t\t<div class=\"elementor-widget-container\">\n\t\t\t\t\t\t\t\t<div class=\"elementor-text-editor elementor-clearfix\">\n\t\t\t\t<p><strong>TRANS BALTIC<\/strong> TRANS BALTIC is a well-known expert in the field of chartering, providing advanced transport solutions tailored to our clients' needs. Our experience and deep knowledge of maritime transport specifics allow us to optimize costs and guarantee the highest safety for every cargo. Thanks to an extensive network of contacts with shipowners worldwide, we effectively connect our clients' needs with the best available tonnage. By choosing to cooperate with us, you rely on professionalism, dynamic action, and full transparency in the fixing process.<\/p>\t\t\t\t\t<\/div>\n\t\t\t\t\t\t<\/div>\n\t\t\t\t<\/div>\n\t\t\t\t\t\t<\/div>\n\t\t\t\t\t<\/div>\n\t\t<\/div>\n\t\t\t\t\t\t\t\t<\/div>\n\t\t\t\t\t<\/div>\n\t\t<\/section>\n\t\t\t\t<section class=\"elementor-section elementor-top-section elementor-element elementor-element-04446ec elementor-section-content-middle elementor-section-boxed elementor-section-height-default elementor-section-height-default sc_fly_static\" data-id=\"04446ec\" data-element_type=\"section\">\n\t\t\t\t\t\t<div class=\"elementor-container elementor-column-gap-extended\">\n\t\t\t\t\t\t\t<div class=\"elementor-row\">\n\t\t\t\t\t<div class=\"elementor-column elementor-col-50 elementor-top-column elementor-element elementor-element-29d874d sc_inner_width_none sc_content_align_inherit sc_layouts_column_icons_position_left sc_fly_static\" data-id=\"29d874d\" data-element_type=\"column\">\n\t\t\t<div class=\"elementor-column-wrap elementor-element-populated\">\n\t\t\t\t\t\t\t<div class=\"elementor-widget-wrap\">\n\t\t\t\t\t\t<section class=\"elementor-section elementor-inner-section elementor-element elementor-element-470bd08 elementor-section-content-bottom elementor-section-boxed elementor-section-height-default elementor-section-height-default sc_fly_static\" data-id=\"470bd08\" data-element_type=\"section\">\n\t\t\t\t\t\t<div class=\"elementor-container elementor-column-gap-no\">\n\t\t\t\t\t\t\t<div class=\"elementor-row\">\n\t\t\t\t\t<div class=\"elementor-column elementor-col-100 elementor-inner-column elementor-element elementor-element-b7c7f35 sc_inner_width_none sc_content_align_inherit sc_layouts_column_icons_position_left sc_fly_static\" data-id=\"b7c7f35\" data-element_type=\"column\">\n\t\t\t<div class=\"elementor-column-wrap elementor-element-populated\">\n\t\t\t\t\t\t\t<div class=\"elementor-widget-wrap\">\n\t\t\t\t\t\t<div data-parallax-params=\"{&quot;flow&quot;:&quot;entrance&quot;,&quot;range_start&quot;:0,&quot;range_end&quot;:40,&quot;sticky_offset&quot;:0,&quot;ease&quot;:&quot;power2&quot;,&quot;duration&quot;:1,&quot;squeeze&quot;:1,&quot;x_start&quot;:0,&quot;x_end&quot;:0,&quot;x_unit&quot;:&quot;px&quot;,&quot;y_start&quot;:60,&quot;y_end&quot;:0,&quot;y_unit&quot;:&quot;px&quot;,&quot;scale_start&quot;:100,&quot;scale_end&quot;:100,&quot;rotate_start&quot;:0,&quot;rotate_end&quot;:0,&quot;opacity_start&quot;:0,&quot;opacity_end&quot;:1,&quot;text&quot;:&quot;block&quot;,&quot;mouse&quot;:0,&quot;mouse_type&quot;:&quot;transform3d&quot;,&quot;mouse_tilt_amount&quot;:70,&quot;mouse_speed&quot;:10,&quot;mouse_z&quot;:&quot;&quot;,&quot;mouse_handler&quot;:&quot;row&quot;}\" class=\"elementor-element elementor-element-b757321 elementor-widget__width-auto no-title sc_parallax sc_parallax_entrance sc_fly_static elementor-widget elementor-widget-image\" data-id=\"b757321\" data-element_type=\"widget\" data-widget_type=\"image.default\">\n\t\t\t\t<div class=\"elementor-widget-container\">\n\t\t\t\t\t\t\t\t<div class=\"elementor-image\">\n\t\t\t\t\t\t\t\t\t<figure class=\"wp-caption\">\n\t\t\t\t\t\t\t\t\t\t<img decoding=\"async\" src=\"http:\/\/transbaltic.pl\/wp-content\/uploads\/elementor\/thumbs\/356547094_277727501569291_2371882183274836518_n-q9eboqiho7my50o2alvjtjpcufz9499fr7djmnybdg.jpeg\" title=\"356547094_277727501569291_2371882183274836518_n\" alt=\"356547094_277727501569291_2371882183274836518_n\" loading=\"lazy\" \/>\t\t\t\t\t\t\t\t\t\t\t<figcaption class=\"widget-image-caption wp-caption-text\"><\/figcaption>\n\t\t\t\t\t\t\t\t\t\t<\/figure>\n\t\t\t\t\t\t\t\t<\/div>\n\t\t\t\t\t\t<\/div>\n\t\t\t\t<\/div>\n\t\t\t\t<div data-parallax-params=\"{&quot;flow&quot;:&quot;entrance&quot;,&quot;range_start&quot;:0,&quot;range_end&quot;:20,&quot;sticky_offset&quot;:0,&quot;ease&quot;:&quot;power2&quot;,&quot;duration&quot;:0.5,&quot;squeeze&quot;:1,&quot;x_start&quot;:0,&quot;x_end&quot;:0,&quot;x_unit&quot;:&quot;px&quot;,&quot;y_start&quot;:40,&quot;y_end&quot;:0,&quot;y_unit&quot;:&quot;px&quot;,&quot;scale_start&quot;:100,&quot;scale_end&quot;:100,&quot;rotate_start&quot;:0,&quot;rotate_end&quot;:0,&quot;opacity_start&quot;:0,&quot;opacity_end&quot;:1,&quot;text&quot;:&quot;block&quot;,&quot;mouse&quot;:0,&quot;mouse_type&quot;:&quot;transform3d&quot;,&quot;mouse_tilt_amount&quot;:70,&quot;mouse_speed&quot;:10,&quot;mouse_z&quot;:&quot;&quot;,&quot;mouse_handler&quot;:&quot;row&quot;}\" class=\"elementor-element elementor-element-45ecdb2 scheme_dark elementor-widget__width-initial elementor-absolute sc_parallax sc_parallax_entrance sc_fly_static elementor-widget elementor-widget-heading\" data-id=\"45ecdb2\" data-element_type=\"widget\" data-settings=\"{&quot;_position&quot;:&quot;absolute&quot;}\" data-widget_type=\"heading.default\">\n\t\t\t\t<div class=\"elementor-widget-container\">\n\t\t\t<h3 class=\"elementor-heading-title elementor-size-default translation-block\">SEA FREIGHT<\/h3>\t\t<\/div>\n\t\t\t\t<\/div>\n\t\t\t\t\t\t<\/div>\n\t\t\t\t\t<\/div>\n\t\t<\/div>\n\t\t\t\t\t\t\t\t<\/div>\n\t\t\t\t\t<\/div>\n\t\t<\/section>\n\t\t\t\t\t\t<\/div>\n\t\t\t\t\t<\/div>\n\t\t<\/div>\n\t\t\t\t<div class=\"elementor-column elementor-col-50 elementor-top-column elementor-element elementor-element-9771b0c sc_inner_width_none sc_content_align_inherit sc_layouts_column_icons_position_left sc_fly_static\" data-id=\"9771b0c\" data-element_type=\"column\">\n\t\t\t<div class=\"elementor-column-wrap elementor-element-populated\">\n\t\t\t\t\t\t\t<div class=\"elementor-widget-wrap\">\n\t\t\t\t\t\t<div class=\"elementor-element elementor-element-b638ada sc_fly_static elementor-widget elementor-widget-spacer\" data-id=\"b638ada\" data-element_type=\"widget\" data-widget_type=\"spacer.default\">\n\t\t\t\t<div class=\"elementor-widget-container\">\n\t\t\t\t\t<div class=\"elementor-spacer\">\n\t\t\t<div class=\"elementor-spacer-inner\"><\/div>\n\t\t<\/div>\n\t\t\t\t<\/div>\n\t\t\t\t<\/div>\n\t\t\t\t<div class=\"elementor-element elementor-element-7b8d0f7 sc_fly_static elementor-widget elementor-widget-text-editor\" data-id=\"7b8d0f7\" data-element_type=\"widget\" data-widget_type=\"text-editor.default\">\n\t\t\t\t<div class=\"elementor-widget-container\">\n\t\t\t\t\t\t\t\t<div class=\"elementor-text-editor elementor-clearfix\">\n\t\t\t\t<p data-path-to-node=\"4\"><b data-path-to-node=\"4\" data-index-in-node=\"0\">Trans Baltic<\/b> Trans Baltic possesses the competence to provide a full suite of maritime freight management services, including:<\/p><ul data-path-to-node=\"5\"><li><p data-path-to-node=\"5,0,0\" class=\"translation-block\">Consultancy on freight rates and time-charter rates.<\/p><\/li><li><p data-path-to-node=\"5,1,0\" class=\"translation-block\">Vessel chartering for bulk cargo\u2014from coaster units to Handysize vessels.<\/p><\/li><li><p data-path-to-node=\"5,2,0\" class=\"translation-block\">Laytime calculation and determining demurrage\/despatch rates.<\/p><\/li><li><p data-path-to-node=\"5,3,0\" class=\"translation-block\">Claims handling, insurance matters, and legal consultancy.<\/p><\/li><li><p data-path-to-node=\"5,4,0\">Market research and analysis.<\/p><\/li><\/ul><p data-path-to-node=\"6\">\u00a0<\/p>\t\t\t\t\t<\/div>\n\t\t\t\t\t\t<\/div>\n\t\t\t\t<\/div>\n\t\t\t\t<div class=\"elementor-element elementor-element-93a8913 sc_height_small sc_fly_static elementor-widget elementor-widget-spacer\" data-id=\"93a8913\" data-element_type=\"widget\" data-widget_type=\"spacer.default\">\n\t\t\t\t<div class=\"elementor-widget-container\">\n\t\t\t\t\t<div class=\"elementor-spacer\">\n\t\t\t<div class=\"elementor-spacer-inner\"><\/div>\n\t\t<\/div>\n\t\t\t\t<\/div>\n\t\t\t\t<\/div>\n\t\t\t\t<div class=\"elementor-element elementor-element-9ed4166 sc_fly_static elementor-widget elementor-widget-trx_sc_button\" data-id=\"9ed4166\" data-element_type=\"widget\" data-widget_type=\"trx_sc_button.default\">\n\t\t\t\t<div class=\"elementor-widget-container\">\n\t\t\t<div\tclass=\"sc_item_button sc_button_wrap\" ><a href=\"https:\/\/muzeo.home.pl\/autoinstalator\/wordpress6\/contact-us\/\" class=\"sc_button sc_button_default sc_button_size_normal sc_button_icon_left color_style_link3\" ><span class=\"sc_button_text\"><span class=\"sc_button_title\">LOAD OF EXPERIENCE<\/span><\/span><\/a><\/div>\t\t<\/div>\n\t\t\t\t<\/div>\n\t\t\t\t\t\t<\/div>\n\t\t\t\t\t<\/div>\n\t\t<\/div>\n\t\t\t\t\t\t\t\t<\/div>\n\t\t\t\t\t<\/div>\n\t\t<\/section>\n\t\t\t\t<section class=\"elementor-section elementor-top-section elementor-element elementor-element-92fdb84 elementor-section-boxed elementor-section-height-default elementor-section-height-default sc_fly_static\" data-id=\"92fdb84\" data-element_type=\"section\">\n\t\t\t\t\t\t<div class=\"elementor-container elementor-column-gap-extended\">\n\t\t\t\t\t\t\t<div class=\"elementor-row\">\n\t\t\t\t\t<div class=\"elementor-column elementor-col-100 elementor-top-column elementor-element elementor-element-0535e4d sc_inner_width_none sc_content_align_inherit sc_layouts_column_icons_position_left sc_fly_static\" data-id=\"0535e4d\" data-element_type=\"column\">\n\t\t\t<div class=\"elementor-column-wrap elementor-element-populated\">\n\t\t\t\t\t\t\t<div class=\"elementor-widget-wrap\">\n\t\t\t\t\t\t<div class=\"elementor-element elementor-element-8c055f5 sc_height_huge sc_fly_static elementor-widget elementor-widget-spacer\" data-id=\"8c055f5\" data-element_type=\"widget\" data-widget_type=\"spacer.default\">\n\t\t\t\t<div class=\"elementor-widget-container\">\n\t\t\t\t\t<div class=\"elementor-spacer\">\n\t\t\t<div class=\"elementor-spacer-inner\"><\/div>\n\t\t<\/div>\n\t\t\t\t<\/div>\n\t\t\t\t<\/div>\n\t\t\t\t<div class=\"elementor-element elementor-element-a261016 sc_fly_static elementor-widget elementor-widget-spacer\" data-id=\"a261016\" data-element_type=\"widget\" data-widget_type=\"spacer.default\">\n\t\t\t\t<div class=\"elementor-widget-container\">\n\t\t\t\t\t<div class=\"elementor-spacer\">\n\t\t\t<div class=\"elementor-spacer-inner\"><\/div>\n\t\t<\/div>\n\t\t\t\t<\/div>\n\t\t\t\t<\/div>\n\t\t\t\t\t\t<\/div>\n\t\t\t\t\t<\/div>\n\t\t<\/div>\n\t\t\t\t\t\t\t\t<\/div>\n\t\t\t\t\t<\/div>\n\t\t<\/section>\n\t\t\t\t<section class=\"elementor-section elementor-top-section elementor-element elementor-element-c532207 elementor-section-boxed elementor-section-height-default elementor-section-height-default sc_fly_static\" data-id=\"c532207\" data-element_type=\"section\">\n\t\t\t\t\t\t<div class=\"elementor-container elementor-column-gap-extended\">\n\t\t\t\t\t\t\t<div class=\"elementor-row\">\n\t\t\t\t\t<div class=\"elementor-column elementor-col-100 elementor-top-column elementor-element elementor-element-0e2c552 sc_inner_width_none sc_content_align_inherit sc_layouts_column_icons_position_left sc_fly_static\" data-id=\"0e2c552\" data-element_type=\"column\">\n\t\t\t<div class=\"elementor-column-wrap elementor-element-populated\">\n\t\t\t\t\t\t\t<div class=\"elementor-widget-wrap\">\n\t\t\t\t\t\t<div class=\"elementor-element elementor-element-d4b3a23 gallery-spacing-custom sc_fly_static elementor-widget elementor-widget-image-gallery\" data-id=\"d4b3a23\" data-element_type=\"widget\" data-widget_type=\"image-gallery.default\">\n\t\t\t\t<div class=\"elementor-widget-container\">\n\t\t\t\t\t<div class=\"elementor-image-gallery\">\n\t\t\t<div id='gallery-1' class='gallery galleryid-18467 gallery-columns-4 gallery-size-thumbnail'><figure class='gallery-item'>\n\t\t\t<div class='gallery-icon landscape'>\n\t\t\t\t<a data-elementor-open-lightbox=\"no\" href='http:\/\/transbaltic.pl\/wp-content\/uploads\/2026\/01\/PHOTO-2026-01-26-17-57-41-2.jpg'><img loading=\"lazy\" decoding=\"async\" width=\"150\" height=\"150\" src=\"http:\/\/transbaltic.pl\/wp-content\/uploads\/2026\/01\/PHOTO-2026-01-26-17-57-41-2-150x150.jpg\" class=\"attachment-thumbnail size-thumbnail\" alt=\"\" srcset=\"http:\/\/transbaltic.pl\/wp-content\/uploads\/2026\/01\/PHOTO-2026-01-26-17-57-41-2-150x150.jpg 150w, http:\/\/transbaltic.pl\/wp-content\/uploads\/2026\/01\/PHOTO-2026-01-26-17-57-41-2-120x120.jpg 120w, http:\/\/transbaltic.pl\/wp-content\/uploads\/2026\/01\/PHOTO-2026-01-26-17-57-41-2-370x370.jpg 370w\" sizes=\"auto, (max-width: 150px) 100vw, 150px\" \/><\/a>\n\t\t\t<\/div><\/figure><figure class='gallery-item'>\n\t\t\t<div class='gallery-icon landscape'>\n\t\t\t\t<a data-elementor-open-lightbox=\"no\" href='http:\/\/transbaltic.pl\/wp-content\/uploads\/2026\/01\/PHOTO-2026-01-26-17-57-40.jpg'><img loading=\"lazy\" decoding=\"async\" width=\"150\" height=\"150\" src=\"http:\/\/transbaltic.pl\/wp-content\/uploads\/2026\/01\/PHOTO-2026-01-26-17-57-40-150x150.jpg\" class=\"attachment-thumbnail size-thumbnail\" alt=\"\" srcset=\"http:\/\/transbaltic.pl\/wp-content\/uploads\/2026\/01\/PHOTO-2026-01-26-17-57-40-150x150.jpg 150w, http:\/\/transbaltic.pl\/wp-content\/uploads\/2026\/01\/PHOTO-2026-01-26-17-57-40-120x120.jpg 120w, http:\/\/transbaltic.pl\/wp-content\/uploads\/2026\/01\/PHOTO-2026-01-26-17-57-40-370x370.jpg 370w\" sizes=\"auto, (max-width: 150px) 100vw, 150px\" \/><\/a>\n\t\t\t<\/div><\/figure><figure class='gallery-item'>\n\t\t\t<div class='gallery-icon portrait'>\n\t\t\t\t<a data-elementor-open-lightbox=\"no\" href='http:\/\/transbaltic.pl\/wp-content\/uploads\/2026\/01\/PHOTO-2026-01-26-17-57-41-4.jpg'><img loading=\"lazy\" decoding=\"async\" width=\"150\" height=\"150\" src=\"http:\/\/transbaltic.pl\/wp-content\/uploads\/2026\/01\/PHOTO-2026-01-26-17-57-41-4-150x150.jpg\" class=\"attachment-thumbnail size-thumbnail\" alt=\"\" srcset=\"http:\/\/transbaltic.pl\/wp-content\/uploads\/2026\/01\/PHOTO-2026-01-26-17-57-41-4-150x150.jpg 150w, http:\/\/transbaltic.pl\/wp-content\/uploads\/2026\/01\/PHOTO-2026-01-26-17-57-41-4-120x120.jpg 120w, http:\/\/transbaltic.pl\/wp-content\/uploads\/2026\/01\/PHOTO-2026-01-26-17-57-41-4-370x370.jpg 370w\" sizes=\"auto, (max-width: 150px) 100vw, 150px\" \/><\/a>\n\t\t\t<\/div><\/figure><figure class='gallery-item'>\n\t\t\t<div class='gallery-icon portrait'>\n\t\t\t\t<a data-elementor-open-lightbox=\"no\" href='http:\/\/transbaltic.pl\/wp-content\/uploads\/2023\/07\/356530560_1334481647491603_4146241692845040759_n.jpeg'><img loading=\"lazy\" decoding=\"async\" width=\"150\" height=\"150\" src=\"http:\/\/transbaltic.pl\/wp-content\/uploads\/2023\/07\/356530560_1334481647491603_4146241692845040759_n-150x150.jpeg\" class=\"attachment-thumbnail size-thumbnail\" alt=\"\" srcset=\"http:\/\/transbaltic.pl\/wp-content\/uploads\/2023\/07\/356530560_1334481647491603_4146241692845040759_n-150x150.jpeg 150w, http:\/\/transbaltic.pl\/wp-content\/uploads\/2023\/07\/356530560_1334481647491603_4146241692845040759_n-120x120.jpeg 120w, http:\/\/transbaltic.pl\/wp-content\/uploads\/2023\/07\/356530560_1334481647491603_4146241692845040759_n-370x370.jpeg 370w\" sizes=\"auto, (max-width: 150px) 100vw, 150px\" \/><\/a>\n\t\t\t<\/div><\/figure><figure class='gallery-item'>\n\t\t\t<div class='gallery-icon landscape'>\n\t\t\t\t<a data-elementor-open-lightbox=\"no\" href='http:\/\/transbaltic.pl\/wp-content\/uploads\/2026\/01\/PHOTO-2026-01-26-17-57-41-5.jpg'><img loading=\"lazy\" decoding=\"async\" width=\"150\" height=\"150\" src=\"http:\/\/transbaltic.pl\/wp-content\/uploads\/2026\/01\/PHOTO-2026-01-26-17-57-41-5-150x150.jpg\" class=\"attachment-thumbnail size-thumbnail\" alt=\"\" srcset=\"http:\/\/transbaltic.pl\/wp-content\/uploads\/2026\/01\/PHOTO-2026-01-26-17-57-41-5-150x150.jpg 150w, http:\/\/transbaltic.pl\/wp-content\/uploads\/2026\/01\/PHOTO-2026-01-26-17-57-41-5-120x120.jpg 120w, http:\/\/transbaltic.pl\/wp-content\/uploads\/2026\/01\/PHOTO-2026-01-26-17-57-41-5-370x370.jpg 370w\" sizes=\"auto, (max-width: 150px) 100vw, 150px\" \/><\/a>\n\t\t\t<\/div><\/figure><figure class='gallery-item'>\n\t\t\t<div class='gallery-icon portrait'>\n\t\t\t\t<a data-elementor-open-lightbox=\"no\" href='http:\/\/transbaltic.pl\/wp-content\/uploads\/2026\/01\/IMG_2731-scaled.jpg'><img loading=\"lazy\" decoding=\"async\" width=\"150\" height=\"150\" src=\"http:\/\/transbaltic.pl\/wp-content\/uploads\/2026\/01\/IMG_2731-150x150.jpg\" class=\"attachment-thumbnail size-thumbnail\" alt=\"\" srcset=\"http:\/\/transbaltic.pl\/wp-content\/uploads\/2026\/01\/IMG_2731-150x150.jpg 150w, http:\/\/transbaltic.pl\/wp-content\/uploads\/2026\/01\/IMG_2731-120x120.jpg 120w, http:\/\/transbaltic.pl\/wp-content\/uploads\/2026\/01\/IMG_2731-370x370.jpg 370w\" sizes=\"auto, (max-width: 150px) 100vw, 150px\" \/><\/a>\n\t\t\t<\/div><\/figure><figure class='gallery-item'>\n\t\t\t<div class='gallery-icon landscape'>\n\t\t\t\t<a data-elementor-open-lightbox=\"no\" href='http:\/\/transbaltic.pl\/wp-content\/uploads\/2026\/01\/PHOTO-2026-01-26-17-57-40-3.jpg'><img loading=\"lazy\" decoding=\"async\" width=\"150\" height=\"150\" src=\"http:\/\/transbaltic.pl\/wp-content\/uploads\/2026\/01\/PHOTO-2026-01-26-17-57-40-3-150x150.jpg\" class=\"attachment-thumbnail size-thumbnail\" alt=\"\" srcset=\"http:\/\/transbaltic.pl\/wp-content\/uploads\/2026\/01\/PHOTO-2026-01-26-17-57-40-3-150x150.jpg 150w, http:\/\/transbaltic.pl\/wp-content\/uploads\/2026\/01\/PHOTO-2026-01-26-17-57-40-3-120x120.jpg 120w, http:\/\/transbaltic.pl\/wp-content\/uploads\/2026\/01\/PHOTO-2026-01-26-17-57-40-3-370x370.jpg 370w\" sizes=\"auto, (max-width: 150px) 100vw, 150px\" \/><\/a>\n\t\t\t<\/div><\/figure><figure class='gallery-item'>\n\t\t\t<div class='gallery-icon landscape'>\n\t\t\t\t<a data-elementor-open-lightbox=\"no\" href='http:\/\/transbaltic.pl\/wp-content\/uploads\/2026\/01\/PHOTO-2026-01-26-17-57-40-2.jpg'><img loading=\"lazy\" decoding=\"async\" width=\"150\" height=\"150\" src=\"http:\/\/transbaltic.pl\/wp-content\/uploads\/2026\/01\/PHOTO-2026-01-26-17-57-40-2-150x150.jpg\" class=\"attachment-thumbnail size-thumbnail\" alt=\"\" srcset=\"http:\/\/transbaltic.pl\/wp-content\/uploads\/2026\/01\/PHOTO-2026-01-26-17-57-40-2-150x150.jpg 150w, http:\/\/transbaltic.pl\/wp-content\/uploads\/2026\/01\/PHOTO-2026-01-26-17-57-40-2-120x120.jpg 120w, http:\/\/transbaltic.pl\/wp-content\/uploads\/2026\/01\/PHOTO-2026-01-26-17-57-40-2-370x370.jpg 370w\" sizes=\"auto, (max-width: 150px) 100vw, 150px\" \/><\/a>\n\t\t\t<\/div><\/figure><figure class='gallery-item'>\n\t\t\t<div class='gallery-icon landscape'>\n\t\t\t\t<a data-elementor-open-lightbox=\"no\" href='http:\/\/transbaltic.pl\/wp-content\/uploads\/2026\/01\/IMG_2782-scaled.jpg'><img loading=\"lazy\" decoding=\"async\" width=\"150\" height=\"150\" src=\"http:\/\/transbaltic.pl\/wp-content\/uploads\/2026\/01\/IMG_2782-150x150.jpg\" class=\"attachment-thumbnail size-thumbnail\" alt=\"\" srcset=\"http:\/\/transbaltic.pl\/wp-content\/uploads\/2026\/01\/IMG_2782-150x150.jpg 150w, http:\/\/transbaltic.pl\/wp-content\/uploads\/2026\/01\/IMG_2782-120x120.jpg 120w, http:\/\/transbaltic.pl\/wp-content\/uploads\/2026\/01\/IMG_2782-370x370.jpg 370w\" sizes=\"auto, (max-width: 150px) 100vw, 150px\" \/><\/a>\n\t\t\t<\/div><\/figure><figure class='gallery-item'>\n\t\t\t<div class='gallery-icon portrait'>\n\t\t\t\t<a data-elementor-open-lightbox=\"no\" href='http:\/\/transbaltic.pl\/wp-content\/uploads\/2026\/01\/IMG_2724-scaled.jpg'><img loading=\"lazy\" decoding=\"async\" width=\"150\" height=\"150\" src=\"http:\/\/transbaltic.pl\/wp-content\/uploads\/2026\/01\/IMG_2724-150x150.jpg\" class=\"attachment-thumbnail size-thumbnail\" alt=\"\" srcset=\"http:\/\/transbaltic.pl\/wp-content\/uploads\/2026\/01\/IMG_2724-150x150.jpg 150w, http:\/\/transbaltic.pl\/wp-content\/uploads\/2026\/01\/IMG_2724-120x120.jpg 120w, http:\/\/transbaltic.pl\/wp-content\/uploads\/2026\/01\/IMG_2724-370x370.jpg 370w\" sizes=\"auto, (max-width: 150px) 100vw, 150px\" \/><\/a>\n\t\t\t<\/div><\/figure><figure class='gallery-item'>\n\t\t\t<div class='gallery-icon landscape'>\n\t\t\t\t<a data-elementor-open-lightbox=\"no\" href='http:\/\/transbaltic.pl\/wp-content\/uploads\/2026\/01\/PHOTO-2026-01-26-17-57-41.jpg'><img loading=\"lazy\" decoding=\"async\" width=\"150\" height=\"150\" src=\"http:\/\/transbaltic.pl\/wp-content\/uploads\/2026\/01\/PHOTO-2026-01-26-17-57-41-150x150.jpg\" class=\"attachment-thumbnail size-thumbnail\" alt=\"\" srcset=\"http:\/\/transbaltic.pl\/wp-content\/uploads\/2026\/01\/PHOTO-2026-01-26-17-57-41-150x150.jpg 150w, http:\/\/transbaltic.pl\/wp-content\/uploads\/2026\/01\/PHOTO-2026-01-26-17-57-41-120x120.jpg 120w, http:\/\/transbaltic.pl\/wp-content\/uploads\/2026\/01\/PHOTO-2026-01-26-17-57-41-370x370.jpg 370w\" sizes=\"auto, (max-width: 150px) 100vw, 150px\" \/><\/a>\n\t\t\t<\/div><\/figure><figure class='gallery-item'>\n\t\t\t<div class='gallery-icon landscape'>\n\t\t\t\t<a data-elementor-open-lightbox=\"no\" href='http:\/\/transbaltic.pl\/wp-content\/uploads\/2026\/01\/PHOTO-2026-01-26-18-40-19.jpg'><img loading=\"lazy\" decoding=\"async\" width=\"150\" height=\"150\" src=\"http:\/\/transbaltic.pl\/wp-content\/uploads\/2026\/01\/PHOTO-2026-01-26-18-40-19-150x150.jpg\" class=\"attachment-thumbnail size-thumbnail\" alt=\"\" srcset=\"http:\/\/transbaltic.pl\/wp-content\/uploads\/2026\/01\/PHOTO-2026-01-26-18-40-19-150x150.jpg 150w, http:\/\/transbaltic.pl\/wp-content\/uploads\/2026\/01\/PHOTO-2026-01-26-18-40-19-120x120.jpg 120w, http:\/\/transbaltic.pl\/wp-content\/uploads\/2026\/01\/PHOTO-2026-01-26-18-40-19-370x370.jpg 370w\" sizes=\"auto, (max-width: 150px) 100vw, 150px\" \/><\/a>\n\t\t\t<\/div><\/figure>\n\t\t<\/div>\n\t\t<\/div>\n\t\t\t\t<\/div>\n\t\t\t\t<\/div>\n\t\t\t\t\t\t<\/div>\n\t\t\t\t\t<\/div>\n\t\t<\/div>\n\t\t\t\t\t\t\t\t<\/div>\n\t\t\t\t\t<\/div>\n\t\t<\/section>\n\t\t\t\t<section class=\"elementor-section elementor-top-section elementor-element elementor-element-ba0d7e3 elementor-section-boxed elementor-section-height-default elementor-section-height-default sc_fly_static\" data-id=\"ba0d7e3\" data-element_type=\"section\">\n\t\t\t\t\t\t<div class=\"elementor-container elementor-column-gap-extended\">\n\t\t\t\t\t\t\t<div class=\"elementor-row\">\n\t\t\t\t\t<div class=\"elementor-column elementor-col-100 elementor-top-column elementor-element elementor-element-59ace81 sc_inner_width_none sc_content_align_inherit sc_layouts_column_icons_position_left sc_fly_static\" data-id=\"59ace81\" data-element_type=\"column\">\n\t\t\t<div class=\"elementor-column-wrap\">\n\t\t\t\t\t\t\t<div class=\"elementor-widget-wrap\">\n\t\t\t\t\t\t\t\t<\/div>\n\t\t\t\t\t<\/div>\n\t\t<\/div>\n\t\t\t\t\t\t\t\t<\/div>\n\t\t\t\t\t<\/div>\n\t\t<\/section>\n\t\t\t\t\t\t\t\t\t<\/div>\n\t\t\t<\/div>\n\t\t\t\t\t<\/div>","protected":false},"excerpt":{"rendered":"<p>TRANS BALTIC to uznany ekspert w dziedzinie frachtowania, dostarczaj\u0105cy zaawansowane rozwi\u0105zania transportowe, dopasowane do \u00a0potrzeb klient\u00f3w. Nasze \u00a0do\u015bwiadczenie oraz g\u0142\u0119boka znajomo\u015b\u0107 specyfiki transportu morskiego pozwalaj\u0105 nam optymalizowa\u0107 koszty i gwarantowa\u0107&hellip;<\/p>","protected":false},"author":1,"featured_media":0,"parent":0,"menu_order":0,"comment_status":"closed","ping_status":"closed","template":"","meta":{"footnotes":""},"class_list":["post-18467","page","type-page","status-publish","hentry"],"_links":{"self":[{"href":"http:\/\/transbaltic.pl\/en\/wp-json\/wp\/v2\/pages\/18467","targetHints":{"allow":["GET"]}}],"collection":[{"href":"http:\/\/transbaltic.pl\/en\/wp-json\/wp\/v2\/pages"}],"about":[{"href":"http:\/\/transbaltic.pl\/en\/wp-json\/wp\/v2\/types\/page"}],"author":[{"embeddable":true,"href":"http:\/\/transbaltic.pl\/en\/wp-json\/wp\/v2\/users\/1"}],"replies":[{"embeddable":true,"href":"http:\/\/transbaltic.pl\/en\/wp-json\/wp\/v2\/comments?post=18467"}],"version-history":[{"count":61,"href":"http:\/\/transbaltic.pl\/en\/wp-json\/wp\/v2\/pages\/18467\/revisions"}],"predecessor-version":[{"id":19686,"href":"http:\/\/transbaltic.pl\/en\/wp-json\/wp\/v2\/pages\/18467\/revisions\/19686"}],"wp:attachment":[{"href":"http:\/\/transbaltic.pl\/en\/wp-json\/wp\/v2\/media?parent=18467"}],"curies":[{"name":"wp","href":"https:\/\/api.w.org\/{rel}","templated":true}]}}