{"id":17328,"date":"2021-09-13T08:57:31","date_gmt":"2021-09-13T08:57:31","guid":{"rendered":"http:\/\/muzeo.home.pl\/autoinstalator\/wordpress6\/?page_id=17328"},"modified":"2026-02-06T12:45:32","modified_gmt":"2026-02-06T11:45:32","slug":"about-us","status":"publish","type":"page","link":"http:\/\/transbaltic.pl\/en\/about-us\/","title":{"rendered":"About Us"},"content":{"rendered":"<div data-elementor-type=\"wp-page\" data-elementor-id=\"17328\" class=\"elementor elementor-17328\">\n\t\t\t\t\t\t<div class=\"elementor-inner\">\n\t\t\t\t<div class=\"elementor-section-wrap\">\n\t\t\t\t\t\t\t\t\t<section class=\"elementor-section elementor-top-section elementor-element elementor-element-2ac1b54 elementor-section-boxed elementor-section-height-default elementor-section-height-default sc_fly_static\" data-id=\"2ac1b54\" data-element_type=\"section\">\n\t\t\t\t\t\t<div class=\"elementor-container elementor-column-gap-extended\">\n\t\t\t\t\t\t\t<div class=\"elementor-row\">\n\t\t\t\t\t<div class=\"elementor-column elementor-col-100 elementor-top-column elementor-element elementor-element-657923c sc_inner_width_none sc_content_align_inherit sc_layouts_column_icons_position_left sc_fly_static\" data-id=\"657923c\" data-element_type=\"column\">\n\t\t\t<div class=\"elementor-column-wrap elementor-element-populated\">\n\t\t\t\t\t\t\t<div class=\"elementor-widget-wrap\">\n\t\t\t\t\t\t<div class=\"elementor-element elementor-element-c6e28b4 sc_height_huge sc_fly_static elementor-widget elementor-widget-spacer\" data-id=\"c6e28b4\" data-element_type=\"widget\" data-widget_type=\"spacer.default\">\n\t\t\t\t<div class=\"elementor-widget-container\">\n\t\t\t\t\t<div class=\"elementor-spacer\">\n\t\t\t<div class=\"elementor-spacer-inner\"><\/div>\n\t\t<\/div>\n\t\t\t\t<\/div>\n\t\t\t\t<\/div>\n\t\t\t\t\t\t<\/div>\n\t\t\t\t\t<\/div>\n\t\t<\/div>\n\t\t\t\t\t\t\t\t<\/div>\n\t\t\t\t\t<\/div>\n\t\t<\/section>\n\t\t\t\t<section class=\"elementor-section elementor-top-section elementor-element elementor-element-f810eec elementor-section-stretched elementor-section-content-middle elementor-section-boxed elementor-section-height-default elementor-section-height-default sc_fly_static\" data-id=\"f810eec\" data-element_type=\"section\" data-settings=\"{&quot;stretch_section&quot;:&quot;section-stretched&quot;}\">\n\t\t\t\t\t\t<div class=\"elementor-container elementor-column-gap-extended\">\n\t\t\t\t\t\t\t<div class=\"elementor-row\">\n\t\t\t\t\t<div class=\"elementor-column elementor-col-50 elementor-top-column elementor-element elementor-element-e356ca1 sc_inner_width_none sc_content_align_inherit sc_layouts_column_icons_position_left sc_fly_static\" data-id=\"e356ca1\" data-element_type=\"column\">\n\t\t\t<div class=\"elementor-column-wrap elementor-element-populated\">\n\t\t\t\t\t\t\t<div class=\"elementor-widget-wrap\">\n\t\t\t\t\t\t<div class=\"elementor-element elementor-element-b7c2b16 sc_fly_static elementor-widget elementor-widget-trx_sc_title\" data-id=\"b7c2b16\" data-element_type=\"widget\" data-widget_type=\"trx_sc_title.default\">\n\t\t\t\t<div class=\"elementor-widget-container\">\n\t\t\t<div\t\tclass=\"sc_title sc_title_default\" ><h1 class=\"sc_item_title sc_title_title sc_item_title_style_default sc_item_title_tag\"\n\t\t\t><span class=\"sc_item_title_text\">Trans Baltic <\/span><\/h1><div class=\"sc_item_descr sc_title_descr\"><p>We specialize in professional chartering and full ship agency services in maritime trade. Our scale of operations\u2014over 500 vessels cleared annually\u2014is a guarantee of safety and proficiency in port procedures. We possess expert experience in the transport of fertilizers, raw materials for the chemical industry, agricultural products, and components for the energy and offshore sectors. We build client relationships based on transparency and a partnership approach. Our operational reach covers all of Europe, with a particular focus on the markets of Poland, Scandinavia, the Benelux countries, and the United Kingdom.<\/p>\n<\/div><\/div>\t\t<\/div>\n\t\t\t\t<\/div>\n\t\t\t\t<div class=\"elementor-element elementor-element-5ccd501 sc_fly_static elementor-widget elementor-widget-spacer\" data-id=\"5ccd501\" data-element_type=\"widget\" data-widget_type=\"spacer.default\">\n\t\t\t\t<div class=\"elementor-widget-container\">\n\t\t\t\t\t<div class=\"elementor-spacer\">\n\t\t\t<div class=\"elementor-spacer-inner\"><\/div>\n\t\t<\/div>\n\t\t\t\t<\/div>\n\t\t\t\t<\/div>\n\t\t\t\t<div class=\"elementor-element elementor-element-48e5b54 sc_fly_static elementor-widget elementor-widget-text-editor\" data-id=\"48e5b54\" data-element_type=\"widget\" data-widget_type=\"text-editor.default\">\n\t\t\t\t<div class=\"elementor-widget-container\">\n\t\t\t\t\t\t\t\t<div class=\"elementor-text-editor elementor-clearfix\">\n\t\t\t\t<ul class=\"trx_addons_list_success\"><li>Chartering<\/li><li>Shipping Agency<\/li><li>Port Logistics<\/li><\/ul>\t\t\t\t\t<\/div>\n\t\t\t\t\t\t<\/div>\n\t\t\t\t<\/div>\n\t\t\t\t\t\t<\/div>\n\t\t\t\t\t<\/div>\n\t\t<\/div>\n\t\t\t\t<div class=\"elementor-column elementor-col-50 elementor-top-column elementor-element elementor-element-6dbbbcf sc_inner_width_none sc_content_align_inherit sc_layouts_column_icons_position_left sc_fly_static\" data-id=\"6dbbbcf\" data-element_type=\"column\">\n\t\t\t<div class=\"elementor-column-wrap elementor-element-populated\">\n\t\t\t\t\t\t\t<div class=\"elementor-widget-wrap\">\n\t\t\t\t\t\t<section class=\"elementor-section elementor-inner-section elementor-element elementor-element-78495eb elementor-section-boxed elementor-section-height-default elementor-section-height-default sc_fly_static\" data-id=\"78495eb\" data-element_type=\"section\" data-settings=\"{&quot;background_background&quot;:&quot;classic&quot;}\">\n\t\t\t\t\t\t<div class=\"elementor-container elementor-column-gap-no\">\n\t\t\t\t\t\t\t<div class=\"elementor-row\">\n\t\t\t\t\t<div class=\"elementor-column elementor-col-50 elementor-inner-column elementor-element elementor-element-6dacbef sc_inner_width_none sc_content_align_inherit sc_layouts_column_icons_position_left sc_fly_static\" data-id=\"6dacbef\" data-element_type=\"column\">\n\t\t\t<div class=\"elementor-column-wrap\">\n\t\t\t\t\t\t\t<div class=\"elementor-widget-wrap\">\n\t\t\t\t\t\t\t\t<\/div>\n\t\t\t\t\t<\/div>\n\t\t<\/div>\n\t\t\t\t<div class=\"elementor-column elementor-col-50 elementor-inner-column elementor-element elementor-element-38d5c65 sc_inner_width_none sc_content_align_inherit sc_layouts_column_icons_position_left sc_fly_static\" data-id=\"38d5c65\" data-element_type=\"column\" data-settings=\"{&quot;background_background&quot;:&quot;classic&quot;}\">\n\t\t\t<div class=\"elementor-column-wrap elementor-element-populated\">\n\t\t\t\t\t\t\t<div class=\"elementor-widget-wrap\">\n\t\t\t\t\t\t<div class=\"elementor-element elementor-element-6731566 no-title sc_fly_static elementor-widget elementor-widget-image\" data-id=\"6731566\" data-element_type=\"widget\" data-widget_type=\"image.default\">\n\t\t\t\t<div class=\"elementor-widget-container\">\n\t\t\t\t\t\t\t\t<div class=\"elementor-image\">\n\t\t\t\t\t\t\t\t\t\t\t\t<img decoding=\"async\" src=\"http:\/\/transbaltic.pl\/wp-content\/uploads\/elementor\/thumbs\/PHOTO-2026-01-26-17-57-41-4-ri9l5tzwakzlg1qfv7qd80nzasr1h3on6f2taetox2.jpg\" title=\"PHOTO-2026-01-26-17-57-41 4\" alt=\"PHOTO-2026-01-26-17-57-41 4\" loading=\"lazy\" \/>\t\t\t\t\t\t\t\t\t\t\t\t\t\t<\/div>\n\t\t\t\t\t\t<\/div>\n\t\t\t\t<\/div>\n\t\t\t\t\t\t<\/div>\n\t\t\t\t\t<\/div>\n\t\t<\/div>\n\t\t\t\t\t\t\t\t<\/div>\n\t\t\t\t\t<\/div>\n\t\t<\/section>\n\t\t\t\t<section class=\"elementor-section elementor-inner-section elementor-element elementor-element-3dbfc8c elementor-section-boxed elementor-section-height-default elementor-section-height-default sc_fly_static\" data-id=\"3dbfc8c\" data-element_type=\"section\">\n\t\t\t\t\t\t<div class=\"elementor-container elementor-column-gap-no\">\n\t\t\t\t\t\t\t<div class=\"elementor-row\">\n\t\t\t\t\t<div class=\"elementor-column elementor-col-50 elementor-inner-column elementor-element elementor-element-9653439 scheme_dark sc_inner_width_none sc_content_align_inherit sc_layouts_column_icons_position_left sc_fly_static\" data-id=\"9653439\" data-element_type=\"column\" data-settings=\"{&quot;background_background&quot;:&quot;classic&quot;}\">\n\t\t\t<div class=\"elementor-column-wrap elementor-element-populated\">\n\t\t\t\t\t\t\t<div class=\"elementor-widget-wrap\">\n\t\t\t\t\t\t<div class=\"elementor-element elementor-element-bbe0122 sc_fly_static elementor-widget elementor-widget-trx_sc_skills\" data-id=\"bbe0122\" data-element_type=\"widget\" data-widget_type=\"trx_sc_skills.default\">\n\t\t\t\t<div class=\"elementor-widget-container\">\n\t\t\t<div\t\tclass=\"sc_skills sc_skills_counter_extra sc_skills_counter_style_odometer sc_align_left\"\n\t\t\t\tdata-type=\"counter\" ><div class=\"sc_skills_column trx_addons_column-1_1\"><div class=\"sc_skills_item_wrap sc_skills_item_icon_position_top\"><div class=\"sc_skills_item_title\">annually<\/div><div class=\"sc_skills_item\"><div class=\"sc_skills_total\" data-start=\"0\" data-stop=\"500\" data-step=\"5\" data-max=\"500\" data-speed=\"15\" data-duration=\"1500\" data-ed=\"+\" data-style=\"odometer\"><span class=\"sc_skills_digits\"><span class=\"sc_skills_digit\"><span class=\"sc_skills_digit_placeholder\">8<\/span><span class=\"sc_skills_digit_wrap\"><span class=\"sc_skills_digit_ribbon\"><span class=\"sc_skills_digit_value\">0<\/span><\/span><\/span><\/span><span class=\"sc_skills_digit\"><span class=\"sc_skills_digit_placeholder\">8<\/span><span class=\"sc_skills_digit_wrap\"><span class=\"sc_skills_digit_ribbon\"><span class=\"sc_skills_digit_value\">0<\/span><\/span><\/span><\/span><span class=\"sc_skills_digit\"><span class=\"sc_skills_digit_placeholder\">8<\/span><span class=\"sc_skills_digit_wrap\"><span class=\"sc_skills_digit_ribbon\"><span class=\"sc_skills_digit_value\">0<\/span><\/span><\/span><\/span><span class=\"sc_skills_unit\">+<\/span><\/span><\/div><\/div><\/div><\/div><\/div>\t\t<\/div>\n\t\t\t\t<\/div>\n\t\t\t\t<div class=\"elementor-element elementor-element-18576a6 sc_fly_static elementor-widget elementor-widget-spacer\" data-id=\"18576a6\" data-element_type=\"widget\" data-widget_type=\"spacer.default\">\n\t\t\t\t<div class=\"elementor-widget-container\">\n\t\t\t\t\t<div class=\"elementor-spacer\">\n\t\t\t<div class=\"elementor-spacer-inner\"><\/div>\n\t\t<\/div>\n\t\t\t\t<\/div>\n\t\t\t\t<\/div>\n\t\t\t\t<div class=\"elementor-element elementor-element-c1d6c0c sc_fly_static elementor-widget elementor-widget-text-editor\" data-id=\"c1d6c0c\" data-element_type=\"widget\" data-widget_type=\"text-editor.default\">\n\t\t\t\t<div class=\"elementor-widget-container\">\n\t\t\t\t\t\t\t\t<div class=\"elementor-text-editor elementor-clearfix\">\n\t\t\t\t<p>Vessels cleared<\/p>\t\t\t\t\t<\/div>\n\t\t\t\t\t\t<\/div>\n\t\t\t\t<\/div>\n\t\t\t\t\t\t<\/div>\n\t\t\t\t\t<\/div>\n\t\t<\/div>\n\t\t\t\t<div class=\"elementor-column elementor-col-50 elementor-inner-column elementor-element elementor-element-3270cdd scheme_dark sc_inner_width_none sc_content_align_inherit sc_layouts_column_icons_position_left sc_fly_static\" data-id=\"3270cdd\" data-element_type=\"column\" data-settings=\"{&quot;background_background&quot;:&quot;classic&quot;}\">\n\t\t\t<div class=\"elementor-column-wrap elementor-element-populated\">\n\t\t\t\t\t\t\t<div class=\"elementor-widget-wrap\">\n\t\t\t\t\t\t<div class=\"elementor-element elementor-element-b51fbc8 sc_fly_static elementor-widget elementor-widget-trx_sc_skills\" data-id=\"b51fbc8\" data-element_type=\"widget\" data-widget_type=\"trx_sc_skills.default\">\n\t\t\t\t<div class=\"elementor-widget-container\">\n\t\t\t<div\t\tclass=\"sc_skills sc_skills_counter_extra sc_skills_counter_style_odometer sc_align_left\"\n\t\t\t\tdata-type=\"counter\" ><div class=\"sc_skills_column trx_addons_column-1_1\"><div class=\"sc_skills_item_wrap sc_skills_item_icon_position_top\"><div class=\"sc_skills_item_title\">shipping services<\/div><div class=\"sc_skills_item\"><div class=\"sc_skills_total\" data-start=\"0\" data-stop=\"18\" data-step=\"0.18\" data-max=\"18\" data-speed=\"15\" data-duration=\"1500\" data-ed=\"\" data-style=\"odometer\"><span class=\"sc_skills_digits\"><span class=\"sc_skills_digit\"><span class=\"sc_skills_digit_placeholder\">8<\/span><span class=\"sc_skills_digit_wrap\"><span class=\"sc_skills_digit_ribbon\"><span class=\"sc_skills_digit_value\">0<\/span><\/span><\/span><\/span><span class=\"sc_skills_digit\"><span class=\"sc_skills_digit_placeholder\">8<\/span><span class=\"sc_skills_digit_wrap\"><span class=\"sc_skills_digit_ribbon\"><span class=\"sc_skills_digit_value\">0<\/span><\/span><\/span><\/span><\/span><\/div><\/div><\/div><\/div><\/div>\t\t<\/div>\n\t\t\t\t<\/div>\n\t\t\t\t<div class=\"elementor-element elementor-element-c2bb368 sc_fly_static elementor-widget elementor-widget-spacer\" data-id=\"c2bb368\" data-element_type=\"widget\" data-widget_type=\"spacer.default\">\n\t\t\t\t<div class=\"elementor-widget-container\">\n\t\t\t\t\t<div class=\"elementor-spacer\">\n\t\t\t<div class=\"elementor-spacer-inner\"><\/div>\n\t\t<\/div>\n\t\t\t\t<\/div>\n\t\t\t\t<\/div>\n\t\t\t\t<div class=\"elementor-element elementor-element-6db5a23 sc_fly_static elementor-widget elementor-widget-text-editor\" data-id=\"6db5a23\" data-element_type=\"widget\" data-widget_type=\"text-editor.default\">\n\t\t\t\t<div class=\"elementor-widget-container\">\n\t\t\t\t\t\t\t\t<div class=\"elementor-text-editor elementor-clearfix\">\n\t\t\t\t<p>years of experience<\/p>\t\t\t\t\t<\/div>\n\t\t\t\t\t\t<\/div>\n\t\t\t\t<\/div>\n\t\t\t\t\t\t<\/div>\n\t\t\t\t\t<\/div>\n\t\t<\/div>\n\t\t\t\t\t\t\t\t<\/div>\n\t\t\t\t\t<\/div>\n\t\t<\/section>\n\t\t\t\t\t\t<\/div>\n\t\t\t\t\t<\/div>\n\t\t<\/div>\n\t\t\t\t\t\t\t\t<\/div>\n\t\t\t\t\t<\/div>\n\t\t<\/section>\n\t\t\t\t<section class=\"elementor-section elementor-top-section elementor-element elementor-element-8f74170 elementor-section-stretched elementor-section-content-middle elementor-section-full_width elementor-section-height-default elementor-section-height-default sc_fly_static\" data-id=\"8f74170\" data-element_type=\"section\" data-settings=\"{&quot;stretch_section&quot;:&quot;section-stretched&quot;}\">\n\t\t\t\t\t\t<div class=\"elementor-container elementor-column-gap-extended\">\n\t\t\t\t\t\t\t<div class=\"elementor-row\">\n\t\t\t\t\t<div class=\"elementor-column elementor-col-100 elementor-top-column elementor-element elementor-element-783e4e0 sc_inner_width_none sc_content_align_inherit sc_layouts_column_icons_position_left sc_fly_static\" data-id=\"783e4e0\" data-element_type=\"column\">\n\t\t\t<div class=\"elementor-column-wrap elementor-element-populated\">\n\t\t\t\t\t\t\t<div class=\"elementor-widget-wrap\">\n\t\t\t\t\t\t<div class=\"elementor-element elementor-element-b8734a6 sc_fly_static elementor-widget elementor-widget-spacer\" data-id=\"b8734a6\" data-element_type=\"widget\" data-widget_type=\"spacer.default\">\n\t\t\t\t<div class=\"elementor-widget-container\">\n\t\t\t\t\t<div class=\"elementor-spacer\">\n\t\t\t<div class=\"elementor-spacer-inner\"><\/div>\n\t\t<\/div>\n\t\t\t\t<\/div>\n\t\t\t\t<\/div>\n\t\t\t\t<div class=\"elementor-element elementor-element-98e4fe8 elementor-widget__width-inherit sc_fly_static elementor-widget elementor-widget-video\" data-id=\"98e4fe8\" data-element_type=\"widget\" data-settings=\"{&quot;video_type&quot;:&quot;hosted&quot;,&quot;autoplay&quot;:&quot;yes&quot;,&quot;loop&quot;:&quot;yes&quot;}\" data-widget_type=\"video.default\">\n\t\t\t\t<div class=\"elementor-widget-container\">\n\t\t\t\t\t<div class=\"e-hosted-video elementor-wrapper elementor-open-inline\">\n\t\t\t\t\t<video class=\"elementor-video\" src=\"http:\/\/muzeo.home.pl\/autoinstalator\/wordpress6\/wp-content\/uploads\/2026\/01\/13737379_3840_2160_30fps-Wi-Fi-High-2.mp4\" autoplay=\"\" loop=\"\" controlslist=\"nodownload\"><\/video>\n\t\t\t\t<\/div>\n\t\t\t\t<\/div>\n\t\t\t\t<\/div>\n\t\t\t\t\t\t<\/div>\n\t\t\t\t\t<\/div>\n\t\t<\/div>\n\t\t\t\t\t\t\t\t<\/div>\n\t\t\t\t\t<\/div>\n\t\t<\/section>\n\t\t\t\t<section class=\"elementor-section elementor-top-section elementor-element elementor-element-3e25df0 elementor-section-boxed elementor-section-height-default elementor-section-height-default sc_fly_static\" data-id=\"3e25df0\" data-element_type=\"section\">\n\t\t\t\t\t\t<div class=\"elementor-container elementor-column-gap-extended\">\n\t\t\t\t\t\t\t<div class=\"elementor-row\">\n\t\t\t\t\t<div class=\"elementor-column elementor-col-100 elementor-top-column elementor-element elementor-element-6671bdd sc_inner_width_none sc_content_align_inherit sc_layouts_column_icons_position_left sc_fly_static\" data-id=\"6671bdd\" data-element_type=\"column\">\n\t\t\t<div class=\"elementor-column-wrap elementor-element-populated\">\n\t\t\t\t\t\t\t<div class=\"elementor-widget-wrap\">\n\t\t\t\t\t\t<div class=\"elementor-element elementor-element-ff97db4 sc_height_huge sc_fly_static elementor-widget elementor-widget-spacer\" data-id=\"ff97db4\" data-element_type=\"widget\" data-widget_type=\"spacer.default\">\n\t\t\t\t<div class=\"elementor-widget-container\">\n\t\t\t\t\t<div class=\"elementor-spacer\">\n\t\t\t<div class=\"elementor-spacer-inner\"><\/div>\n\t\t<\/div>\n\t\t\t\t<\/div>\n\t\t\t\t<\/div>\n\t\t\t\t\t\t<\/div>\n\t\t\t\t\t<\/div>\n\t\t<\/div>\n\t\t\t\t\t\t\t\t<\/div>\n\t\t\t\t\t<\/div>\n\t\t<\/section>\n\t\t\t\t\t\t\t\t\t<\/div>\n\t\t\t<\/div>\n\t\t\t\t\t<\/div>","protected":false},"excerpt":{"rendered":"<p>Trans Baltic Specjalizujemy si\u0119 w profesjonalnym charteringu oraz pe\u0142nej obs\u0142udze agencyjnej statk\u00f3w w obrocie morskim. Skala naszej dzia\u0142alno\u015bci \u2013 ponad 500 odprawionych jednostek rocznie \u2013 to gwarancja bezpiecze\u0144stwa i bieg\u0142o\u015bci&hellip;<\/p>","protected":false},"author":1,"featured_media":0,"parent":0,"menu_order":0,"comment_status":"closed","ping_status":"closed","template":"","meta":{"footnotes":""},"class_list":["post-17328","page","type-page","status-publish","hentry"],"_links":{"self":[{"href":"http:\/\/transbaltic.pl\/en\/wp-json\/wp\/v2\/pages\/17328","targetHints":{"allow":["GET"]}}],"collection":[{"href":"http:\/\/transbaltic.pl\/en\/wp-json\/wp\/v2\/pages"}],"about":[{"href":"http:\/\/transbaltic.pl\/en\/wp-json\/wp\/v2\/types\/page"}],"author":[{"embeddable":true,"href":"http:\/\/transbaltic.pl\/en\/wp-json\/wp\/v2\/users\/1"}],"replies":[{"embeddable":true,"href":"http:\/\/transbaltic.pl\/en\/wp-json\/wp\/v2\/comments?post=17328"}],"version-history":[{"count":99,"href":"http:\/\/transbaltic.pl\/en\/wp-json\/wp\/v2\/pages\/17328\/revisions"}],"predecessor-version":[{"id":19662,"href":"http:\/\/transbaltic.pl\/en\/wp-json\/wp\/v2\/pages\/17328\/revisions\/19662"}],"wp:attachment":[{"href":"http:\/\/transbaltic.pl\/en\/wp-json\/wp\/v2\/media?parent=17328"}],"curies":[{"name":"wp","href":"https:\/\/api.w.org\/{rel}","templated":true}]}}